{"id":8323,"date":"2022-08-29T14:03:50","date_gmt":"2022-08-29T18:03:50","guid":{"rendered":"https:\/\/alice.eloqui.ca\/divorce-process\/"},"modified":"2024-01-27T02:49:37","modified_gmt":"2024-01-27T07:49:37","slug":"processus-divorce-separation","status":"publish","type":"page","link":"https:\/\/popovici.law\/fr\/processus-divorce-separation\/","title":{"rendered":"Processus de divorce et de s\u00e9paration"},"content":{"rendered":"<div class=\"wpb-content-wrapper\"><p>[vc_row el_disable_tablet=\u00a0\u00bb1&Prime; el_disable_mobile=\u00a0\u00bb1&Prime; css_animation=\u00a0\u00bbbottom-to-top\u00a0\u00bb][vc_column]<div class=\"clearboth\"><\/div><style>#thegem-divider-69de67687adf0 {margin-top: 140px !important;}<\/style><div id=\"thegem-divider-69de67687adf0\" class=\"gem-divider  \" style=\"\" ><\/div>[vc_column_text css=\u00a0\u00bb.vc_custom_1706341509092{margin-top: -8px !important;}\u00a0\u00bb]<\/p>\n<h1 class=\"styled-subtitle\" style=\"text-align: center;\"><strong><span style=\"font-size: 54pt;\">Processus de divorce et de s\u00e9paration <\/span><\/strong><\/h1>\n<p>[\/vc_column_text]<div class=\"clearboth\"><\/div><style>#thegem-divider-69de67687aed7 {margin-top: 70px !important;}<\/style><div id=\"thegem-divider-69de67687aed7\" class=\"gem-divider  \" style=\"\" ><\/div>[vc_single_image image=\u00a0\u00bb8278&Prime; img_size=\u00a0\u00bb325&#215;65&Prime; alignment=\u00a0\u00bbcenter\u00a0\u00bb][\/vc_column][\/vc_row][vc_row el_disable_desktop=\u00a0\u00bb1&Prime; css_animation=\u00a0\u00bbbottom-to-top\u00a0\u00bb][vc_column]<div class=\"clearboth\"><\/div><style>#thegem-divider-69de67687af26 {margin-top: 140px !important;}<\/style><div id=\"thegem-divider-69de67687af26\" class=\"gem-divider  \" style=\"\" ><\/div>[vc_column_text css=\u00a0\u00bb.vc_custom_1706341518909{margin-top: -8px !important;}\u00a0\u00bb]<\/p>\n<h1 class=\"styled-subtitle\" style=\"text-align: center;\"><strong><span style=\"font-size: 32pt;\">Processus de divorce et de s\u00e9paration <\/span><\/strong><\/h1>\n<p>[\/vc_column_text]<div class=\"clearboth\"><\/div><style>#thegem-divider-69de67687af5d {margin-top: 70px !important;}<\/style><div id=\"thegem-divider-69de67687af5d\" class=\"gem-divider  \" style=\"\" ><\/div>[vc_single_image image=\u00a0\u00bb8278&Prime; img_size=\u00a0\u00bb325&#215;65&Prime; alignment=\u00a0\u00bbcenter\u00a0\u00bb][\/vc_column][\/vc_row][vc_row][vc_column]<div class=\"clearboth\"><\/div><style>#thegem-divider-69de67687af8e {margin-top: 70px !important;}<\/style><div id=\"thegem-divider-69de67687af8e\" class=\"gem-divider  \" style=\"\" ><\/div>[vc_column_text css=\u00a0\u00bb.vc_custom_1691685119179{margin-top: -8px !important;}\u00a0\u00bb]Mettre fin \u00e0 un mariage n&rsquo;est jamais quelque chose de pr\u00e9vu. Lorsque cela se produit, les changements et les cons\u00e9quences sur tous les aspects de notre vie sont accablants, d\u00e9routants et stressants. Nous sommes l\u00e0 pour comprendre votre situation et vos besoins sp\u00e9cifiques, afin de g\u00e9rer la complexit\u00e9 de la proc\u00e9dure de s\u00e9paration ou de divorce. Notre objectif est de faire en sorte que la transition pendant cette p\u00e9riode difficile soit aussi facile que possible. Les informations suivantes vous donneront un aper\u00e7u du processus de divorce ou de s\u00e9paration.[\/vc_column_text][\/vc_column][\/vc_row][vc_row][vc_column]<div class=\"clearboth\"><\/div><style>#thegem-divider-69de67687afbc {margin-top: 36px !important;}<\/style><div id=\"thegem-divider-69de67687afbc\" class=\"gem-divider  \" style=\"\" ><\/div>[vc_column_text css=\u00a0\u00bb.vc_custom_1678458023699{margin-top: -8px !important;}\u00a0\u00bb]<\/p>\n<div class=\"title-h2\">\n<p><span style=\"font-size: 24pt; font-family: didot-regular;\">Motifs de divorce<\/span><\/p>\n<\/div>\n<p>[\/vc_column_text][vc_column_text css=\u00a0\u00bb.vc_custom_1706341722674{margin-top: -8px !important;}\u00a0\u00bb]La premi\u00e8re \u00e9tape de tout divorce consiste \u00e0 comprendre o\u00f9 se situe votre relation par rapport aux trois motifs de divorce :<\/p>\n<ol>\n<li><span style=\"color: #bd9e9d;\">Avoir v\u00e9cu s\u00e9par\u00e9ment pendant un an ;<\/span><\/li>\n<li><span style=\"color: #bd9e9d;\">Avoir commis l&rsquo;adult\u00e8re ;<\/span><\/li>\n<li><span style=\"color: #bd9e9d;\">Avoir trait\u00e9 l&rsquo;autre conjoint &#8211; ou avoir \u00e9t\u00e9 trait\u00e9 par l&rsquo;autre conjoint &#8211; avec une cruaut\u00e9 physique ou mentale.<\/span><\/li>\n<\/ol>\n<p>Avant de d\u00e9poser une demande de divorce, les conjoints peuvent choisir de suivre une proc\u00e9dure de m\u00e9diation pour aider \u00e0 r\u00e9gler les diff\u00e9rends. La m\u00e9diation n&rsquo;est pas obligatoire, mais il est toujours pr\u00e9f\u00e9rable d&rsquo;envisager cette approche tout en s&rsquo;assurant que l&rsquo;on conna\u00eet ses droits et que l&rsquo;on est \u00e0 l&rsquo;aise avec le processus. Toutefois, dans les cas o\u00f9 il y a des questions relatives \u00e0 la garde des enfants, \u00e0 la pension alimentaire pour le conjoint ou les enfants, au patrimoine familial, aux autres droits patrimoniaux d\u00e9coulant du mariage ou de l&rsquo;union civile ou au partage des biens entre conjoints de fait, il ne peut y avoir de proc\u00e8s \u00e0 moins que les parties n&rsquo;aient particip\u00e9 conjointement ou s\u00e9par\u00e9ment \u00e0 une s\u00e9ance d&rsquo;information sur les responsabilit\u00e9s parentales.<\/p>\n<p>L&rsquo;objectif de la m\u00e9diation est d&rsquo;informer les parents, qu&rsquo;ils soient mari\u00e9s ou non, qu&rsquo;une r\u00e9solution \u00e0 l&rsquo;amiable par le biais de la m\u00e9diation est un moyen de parvenir \u00e0 un accord mutuel concernant leur s\u00e9paration. L&rsquo;inscription se fait aupr\u00e8s du Service de m\u00e9diation familiale de la Cour sup\u00e9rieure, apr\u00e8s quoi vous recevrez une attestation de votre participation. Pour plus de facilit\u00e9, veuillez trouver le lien ci-dessous :<\/p>\n<p><a href=\"https:\/\/www.justice.gouv.qc.ca\/couple-et-famille\/separation-et-divorce\/la-mediation-familiale-pour-negocier-une-entente-equitable\/seance-dinformation-de-groupe-sur-la-parentalite-apres-la-rupture\/inscription-et-calendriers-des-seances\/\" target=\"_blank\" rel=\"noopener\">https:\/\/www.justice.gouv.qc.ca\/couple-et-famille\/separation-et-divorce\/la-mediation-familiale-pour-negocier-une-entente-equitable\/seance-dinformation-de-groupe-sur-la-parentalite-apres-la-rupture\/inscription-et-calendriers-des-seances\/<\/a>[\/vc_column_text][\/vc_column][\/vc_row][vc_row][vc_column]<div class=\"clearboth\"><\/div><style>#thegem-divider-69de67687afe8 {margin-top: 36px !important;}<\/style><div id=\"thegem-divider-69de67687afe8\" class=\"gem-divider  \" style=\"\" ><\/div>[vc_column_text css=\u00a0\u00bb.vc_custom_1678458133028{margin-top: -8px !important;}\u00a0\u00bb]<\/p>\n<div class=\"title-h2\">\n<p><span style=\"font-size: 24pt; font-family: didot-regular;\">Demande de divorce<\/span><\/p>\n<\/div>\n<p>[\/vc_column_text][vc_column_text css=\u00a0\u00bb.vc_custom_1688396382507{margin-top: -8px !important;}\u00a0\u00bb]Lorsque le moment est venu d&rsquo;introduire une demande de divorce, deux approches sont possibles :<\/p>\n<ol>\n<li><span style=\"color: #bd9e9d;\">Lorsque les conjoints sont d&rsquo;accord, ils peuvent divorcer \u00e0 l&rsquo;amiable en confiant \u00e0 notre cabinet les d\u00e9marches administratives n\u00e9cessaires. <a href=\"https:\/\/www.popovici.law\/fr\/divorce-a-lamiable\/\">Cliquez ici<\/a> et nous pourrons vous aider avec nos forfaits de divorce \u00e0 l&rsquo;amiable simples et directs ;<\/span><\/li>\n<li><span style=\"color: #bd9e9d;\">Lorsque les conjoints ne sont pas d&rsquo;accord, ils doivent faire une demande individuelle et consulter un avocat pour aller jusqu&rsquo;au bout de la demande.<\/span><\/li>\n<\/ol>\n<p>La demande de divorce est alors d\u00e9pos\u00e9e dans le district judiciaire o\u00f9 vous, les conjoints, avez votre r\u00e9sidence commune, ou si vous ne vivez pas ensemble, o\u00f9 l&rsquo;un des conjoints r\u00e9side.[\/vc_column_text][\/vc_column][\/vc_row][vc_row][vc_column]<div class=\"clearboth\"><\/div><style>#thegem-divider-69de67687b038 {margin-top: 36px !important;}<\/style><div id=\"thegem-divider-69de67687b038\" class=\"gem-divider  \" style=\"\" ><\/div>[vc_column_text css=\u00a0\u00bb.vc_custom_1678458193747{margin-top: -8px !important;}\u00a0\u00bb]<\/p>\n<div class=\"title-h2\">\n<p><span style=\"font-size: 24pt; font-family: didot-regular;\">Assignation<\/span><\/p>\n<\/div>\n<p>[\/vc_column_text][vc_column_text css=\u00a0\u00bb.vc_custom_1691685225378{margin-top: -8px !important;}\u00a0\u00bb]Une fois la demande de divorce d\u00e9pos\u00e9e par l&rsquo;un des \u00e9poux, l&rsquo;autre \u00e9poux recevra une assignation \u00e0 laquelle il devra r\u00e9pondre dans un d\u00e9lai de 15 jours \u00e0 compter de la r\u00e9ception de la demande, \u00e0 condition qu&rsquo;il soit r\u00e9sident du Qu\u00e9bec (le d\u00e9lai est plus long dans certains cas). Il s&rsquo;agit d&rsquo;une \u00e9tape qui s&rsquo;applique lorsque l&rsquo;affaire devient contest\u00e9e. Si une demande de divorce vous est signifi\u00e9e, il est essentiel de nous contacter imm\u00e9diatement, compte tenu des d\u00e9lais prescrits par la loi. Il reste toujours la possibilit\u00e9 de r\u00e9gler \u00e0 l&rsquo;amiable, mais certaines \u00e9tapes pr\u00e9vues doivent \u00eatre respect\u00e9es.[\/vc_column_text]<div class=\"clearboth\"><\/div><style>#thegem-divider-69de67687b06a {margin-top: 36px !important;}<\/style><div id=\"thegem-divider-69de67687b06a\" class=\"gem-divider  \" style=\"\" ><\/div><div class=\"clearboth\"><\/div><style>#thegem-divider-69de67687b095 {margin-top: 36px !important;}<\/style><div id=\"thegem-divider-69de67687b095\" class=\"gem-divider  \" style=\"\" ><\/div>[vc_column_text css=\u00a0\u00bb.vc_custom_1691685237540{margin-top: -8px !important;}\u00a0\u00bb]<\/p>\n<div class=\"title-h2\">\n<p><span style=\"font-size: 24pt; font-family: didot-regular;\">Les mesures provisoires et audiences pour conjoints non mari\u00e9s<\/span><\/p>\n<\/div>\n<p>[\/vc_column_text][vc_column_text css=\u00a0\u00bb.vc_custom_1691685343088{margin-top: -8px !important;}\u00a0\u00bb]En droit de la famille au Qu\u00e9bec, la proc\u00e9dure judiciaire diff\u00e8re selon que les parties sont mari\u00e9es ou non. Si vous n&rsquo;\u00eates pas mari\u00e9, il y a deux \u00e9tapes :<\/p>\n<ol>\n<li><span style=\"color: #bd9e9d;\">La premi\u00e8re \u00e9tape est une audience d&rsquo;urgence pour traiter de questions telles que la garde des enfants et la pension alimentaire. Il s&rsquo;agit d&rsquo;une premi\u00e8re \u00e9tape au cours de laquelle le tribunal d\u00e9termine les ordonnances qui resteront en vigueur \u00e0 titre temporaire en ce qui concerne les aspects susmentionn\u00e9s. \u00c0 ce stade, il n&rsquo;y a g\u00e9n\u00e9ralement pas de t\u00e9moins, mais le tribunal s&rsquo;appuie sur des t\u00e9moignages \u00e9crits et des preuves. Le r\u00f4le de votre avocat est essentiel lors de cette \u00e9tape cruciale ;<\/span><\/li>\n<li><span style=\"color: #bd9e9d;\">L&rsquo;\u00e9tape suivante est une audience au cours de laquelle les m\u00eames aspects sont examin\u00e9s, mais de mani\u00e8re plus approfondie et sur la base de preuves et de t\u00e9moignages. La d\u00e9cision rendue par le juge lors du proc\u00e8s devient une d\u00e9cision finale et r\u00e9gira les parents pendant de longues p\u00e9riodes. Il s&rsquo;agit d&rsquo;une autre \u00e9tape importante pour laquelle il est essentiel d&rsquo;avoir un repr\u00e9sentant exp\u00e9riment\u00e9 \u00e0 ses c\u00f4t\u00e9s. <\/span><\/li>\n<\/ol>\n<p>Lorsque vous \u00eates mari\u00e9, il y a g\u00e9n\u00e9ralement trois \u00e9tapes :<\/p>\n<ol>\n<li><span style=\"color: #bd9e9d;\">Il peut y avoir les m\u00eames ordonnances de sauvegarde qui traitent de questions urgentes telles que le temps parental, l&rsquo;utilisation de la r\u00e9sidence familiale, la pension alimentaire pour les enfants et les conjoints. L\u00e0 encore, il n&rsquo;y a pas de t\u00e9moin, et le tribunal s&rsquo;appuie sur des t\u00e9moignages et des preuves \u00e9crites avant de rendre une d\u00e9cision ;<\/span><\/li>\n<li><span style=\"color: #bd9e9d;\">La premi\u00e8re audience pour les conjoints mari\u00e9s est l&rsquo;audience sur les mesures provisoires qui traite des m\u00eames questions que les ordonnances de sauvegarde, mais il y a des t\u00e9moignages et des preuves approfondies. La d\u00e9cision rendue par le tribunal sur une base provisoire est temporaire mais peut durer plusieurs mois &#8211; g\u00e9n\u00e9ralement jusqu&rsquo;\u00e0 ce que l&rsquo;audience finale sur le divorce soit pr\u00e9sent\u00e9e ;<\/span><\/li>\n<li><span style=\"color: #bd9e9d;\">L&rsquo;audience finale de divorce &#8211; c&rsquo;est le moment o\u00f9 tous les aspects sont trait\u00e9s de mani\u00e8re d\u00e9finitive, y compris le temps parental, la responsabilit\u00e9 de la prise de d\u00e9cision, la pension alimentaire pour les enfants, la pension alimentaire pour le conjoint et le partage des biens. C&rsquo;est \u00e0 ce moment-l\u00e0 que le jugement de divorce est rendu et que le mariage est dissous.<\/span><\/li>\n<\/ol>\n<p>[\/vc_column_text]<div class=\"clearboth\"><\/div><style>#thegem-divider-69de67687b0c0 {margin-top: 36px !important;}<\/style><div id=\"thegem-divider-69de67687b0c0\" class=\"gem-divider  \" style=\"\" ><\/div><div class=\"clearboth\"><\/div><style>#thegem-divider-69de67687b106 {margin-top: 36px !important;}<\/style><div id=\"thegem-divider-69de67687b106\" class=\"gem-divider  \" style=\"\" ><\/div>[vc_column_text css=\u00a0\u00bb.vc_custom_1678458320987{margin-top: -8px !important;}\u00a0\u00bb]<\/p>\n<div class=\"title-h2\">\n<p><span style=\"font-size: 24pt; font-family: didot-regular;\">Fixer une date de proc\u00e8s<\/span><\/p>\n<\/div>\n<p>[\/vc_column_text][vc_column_text css=\u00a0\u00bb.vc_custom_1688396977968{margin-top: -8px !important;}\u00a0\u00bb]Les parties doivent d\u00e9poser une \u00ab\u00a0demande de mise en \u00e9tat et de jugement\u00a0\u00bb dans un d\u00e9lai d&rsquo;un an \u00e0 compter de l&rsquo;acceptation du protocole dans le cas des conjoints mari\u00e9s. Pour la fixation d&rsquo;une audience sur les mesures provisoires ou pour les conjoints non mari\u00e9s, le proc\u00e8s est fix\u00e9 une fois que le dossier est d\u00e9clar\u00e9 complet en vertu du formulaire requis par la loi.[\/vc_column_text]<div class=\"clearboth\"><\/div><style>#thegem-divider-69de67687b13a {margin-top: 36px !important;}<\/style><div id=\"thegem-divider-69de67687b13a\" class=\"gem-divider  \" style=\"\" ><\/div><div class=\"clearboth\"><\/div><style>#thegem-divider-69de67687b166 {margin-top: 36px !important;}<\/style><div id=\"thegem-divider-69de67687b166\" class=\"gem-divider  \" style=\"\" ><\/div>[vc_column_text css=\u00a0\u00bb.vc_custom_1678458351278{margin-top: -8px !important;}\u00a0\u00bb]<\/p>\n<div class=\"title-h2\">\n<p><span style=\"font-size: 24pt; font-family: didot-regular;\">Aper\u00e7u g\u00e9n\u00e9ral d&rsquo;une proc\u00e9dure devant le tribunal de la famille (Cour sup\u00e9rieure &#8211; Division de la famille)<\/span><\/p>\n<\/div>\n<p>[\/vc_column_text][vc_column_text css=\u00a0\u00bb.vc_custom_1678458380599{margin-top: -8px !important;}\u00a0\u00bb]Calendrier du divorce des conjoints mari\u00e9s :[\/vc_column_text][vc_single_image image=\u00a0\u00bb8732&Prime; img_size=\u00a0\u00bbfull\u00a0\u00bb onclick=\u00a0\u00bblink_image\u00a0\u00bb]<div class=\"clearboth\"><\/div><style>#thegem-divider-69de67687b18f {margin-top: 60px !important;}<\/style><div id=\"thegem-divider-69de67687b18f\" class=\"gem-divider  \" style=\"\" ><\/div>[vc_column_text css=\u00a0\u00bb.vc_custom_1706341776177{margin-top: -8px !important;}\u00a0\u00bb]Calendrier de s\u00e9paration des conjoints de fait :[\/vc_column_text][vc_single_image image=\u00a0\u00bb8734&Prime; img_size=\u00a0\u00bb775&#215;577&Prime; alignment=\u00a0\u00bbcenter\u00a0\u00bb onclick=\u00a0\u00bblink_image\u00a0\u00bb][\/vc_column][\/vc_row][vc_row][vc_column]<div class=\"clearboth\"><\/div><style>#thegem-divider-69de67687b1b9 {margin-top: 36px !important;}<\/style><div id=\"thegem-divider-69de67687b1b9\" class=\"gem-divider  \" style=\"\" ><\/div>[\/vc_column][\/vc_row]<\/p>\n<\/div>","protected":false},"excerpt":{"rendered":"<p>[vc_row el_disable_tablet=\u00a0\u00bb1&Prime; el_disable_mobile=\u00a0\u00bb1&Prime; css_animation=\u00a0\u00bbbottom-to-top\u00a0\u00bb][vc_column][vc_column_text css=\u00a0\u00bb.vc_custom_1706341509092{margin-top: -8px !important;}\u00a0\u00bb] Processus de divorce et de s\u00e9paration [\/vc_column_text][vc_single_image image=\u00a0\u00bb8278&Prime; img_size=\u00a0\u00bb325&#215;65&Prime; alignment=\u00a0\u00bbcenter\u00a0\u00bb][\/vc_column][\/vc_row][vc_row el_disable_desktop=\u00a0\u00bb1&Prime; css_animation=\u00a0\u00bbbottom-to-top\u00a0\u00bb][vc_column][vc_column_text css=\u00a0\u00bb.vc_custom_1706341518909{margin-top:&#8230;<\/p>\n","protected":false},"author":5,"featured_media":0,"parent":0,"menu_order":0,"comment_status":"closed","ping_status":"closed","template":"","meta":{"footnotes":""},"class_list":["post-8323","page","type-page","status-publish"],"_links":{"self":[{"href":"https:\/\/popovici.law\/fr\/wp-json\/wp\/v2\/pages\/8323","targetHints":{"allow":["GET"]}}],"collection":[{"href":"https:\/\/popovici.law\/fr\/wp-json\/wp\/v2\/pages"}],"about":[{"href":"https:\/\/popovici.law\/fr\/wp-json\/wp\/v2\/types\/page"}],"author":[{"embeddable":true,"href":"https:\/\/popovici.law\/fr\/wp-json\/wp\/v2\/users\/5"}],"replies":[{"embeddable":true,"href":"https:\/\/popovici.law\/fr\/wp-json\/wp\/v2\/comments?post=8323"}],"version-history":[{"count":15,"href":"https:\/\/popovici.law\/fr\/wp-json\/wp\/v2\/pages\/8323\/revisions"}],"predecessor-version":[{"id":9066,"href":"https:\/\/popovici.law\/fr\/wp-json\/wp\/v2\/pages\/8323\/revisions\/9066"}],"wp:attachment":[{"href":"https:\/\/popovici.law\/fr\/wp-json\/wp\/v2\/media?parent=8323"}],"curies":[{"name":"wp","href":"https:\/\/api.w.org\/{rel}","templated":true}]}}