{"id":8319,"date":"2018-10-02T17:11:06","date_gmt":"2018-10-02T21:11:06","guid":{"rendered":"https:\/\/alice.eloqui.ca\/our-teams\/"},"modified":"2025-12-23T07:24:53","modified_gmt":"2025-12-23T12:24:53","slug":"notre-equipe","status":"publish","type":"page","link":"https:\/\/popovici.law\/fr\/notre-equipe\/","title":{"rendered":"Notre \u00e9quipe"},"content":{"rendered":"<div class=\"wpb-content-wrapper\"><p>[vc_row el_disable_tablet=\u00a0\u00bb1&Prime; el_disable_mobile=\u00a0\u00bb1&Prime; css_animation=\u00a0\u00bbbottom-to-top\u00a0\u00bb][vc_column]<div class=\"clearboth\"><\/div><style>#thegem-divider-69de66503ea72 {margin-top: 140px !important;}<\/style><div id=\"thegem-divider-69de66503ea72\" class=\"gem-divider  \" style=\"\" ><\/div>[vc_column_text css_animation=\u00a0\u00bbnone\u00a0\u00bb]<\/p>\n<h1 class=\"styled-subtitle\" style=\"text-align: center;\"><strong><span style=\"font-size: 54pt;\">\u00c9QUIPE<\/span><\/strong><\/h1>\n<p>[\/vc_column_text]<div class=\"clearboth\"><\/div><style>#thegem-divider-69de66503eb57 {margin-top: 70px !important;}<\/style><div id=\"thegem-divider-69de66503eb57\" class=\"gem-divider  \" style=\"\" ><\/div>[vc_single_image image=\u00a0\u00bb8278&Prime; img_size=\u00a0\u00bb325&#215;65&Prime; alignment=\u00a0\u00bbcenter\u00a0\u00bb]<div class=\"clearboth\"><\/div><style>#thegem-divider-69de66503ebad {margin-top: 70px !important;}<\/style><div id=\"thegem-divider-69de66503ebad\" class=\"gem-divider  \" style=\"\" ><\/div>[\/vc_column][\/vc_row][vc_row el_disable_desktop=\u00a0\u00bb1&Prime; css_animation=\u00a0\u00bbbottom-to-top\u00a0\u00bb][vc_column]<div class=\"clearboth\"><\/div><style>#thegem-divider-69de66503ebf4 {margin-top: 140px !important;}<\/style><div id=\"thegem-divider-69de66503ebf4\" class=\"gem-divider  \" style=\"\" ><\/div>[vc_column_text css_animation=\u00a0\u00bbnone\u00a0\u00bb]<\/p>\n<h1 class=\"styled-subtitle\" style=\"text-align: center;\"><strong><span style=\"font-size: 32pt;\">\u00c9QUIPE<\/span><\/strong><\/h1>\n<p>[\/vc_column_text]<div class=\"clearboth\"><\/div><style>#thegem-divider-69de66503ec7b {margin-top: 70px !important;}<\/style><div id=\"thegem-divider-69de66503ec7b\" class=\"gem-divider  \" style=\"\" ><\/div>[vc_single_image image=\u00a0\u00bb8278&Prime; img_size=\u00a0\u00bb325&#215;65&Prime; alignment=\u00a0\u00bbcenter\u00a0\u00bb]<div class=\"clearboth\"><\/div><style>#thegem-divider-69de66503ecdf {margin-top: 70px !important;}<\/style><div id=\"thegem-divider-69de66503ecdf\" class=\"gem-divider  \" style=\"\" ><\/div>[\/vc_column][\/vc_row][vc_row equal_height=\u00a0\u00bbyes\u00a0\u00bb content_placement=\u00a0\u00bbbottom\u00a0\u00bb css=\u00a0\u00bb.vc_custom_1710747880870{margin-top: 0px !important;margin-bottom: 0px !important;margin-left: 350px !important;padding-top: 70px !important;padding-bottom: 0px !important;}\u00a0\u00bb][vc_column css_animation=\u00a0\u00bbnone\u00a0\u00bb css=\u00a0\u00bb.vc_custom_1661970404501{margin-top: 0px !important;margin-bottom: 0px !important;padding-top: 0px !important;padding-bottom: 0px !important;}\u00a0\u00bb offset=\u00a0\u00bbvc_col-lg-6 vc_col-md-6 vc_col-xs-12&Prime;][vc_column_text css_animation=\u00a0\u00bbnone\u00a0\u00bb]<\/p>\n<div class=\"title-h2\">Simplement la meilleure<\/div>\n<p>[\/vc_column_text]<div class=\"clearboth\"><\/div><style>#thegem-divider-69de66503ed32 {margin-top: 30px !important;}<\/style><div id=\"thegem-divider-69de66503ed32\" class=\"gem-divider  \" style=\"\" ><\/div>[vc_column_text css_animation=\u00a0\u00bbnone\u00a0\u00bb]Les familles sont de toutes formes et de toutes tailles et il n&rsquo;existe pas de solution unique. Le divorce et la s\u00e9paration conduisent souvent \u00e0 la fin d&rsquo;un chapitre, mais c&rsquo;est aussi le d\u00e9but d&rsquo;une nouvelle vie. Nous sommes passionn\u00e9s et d\u00e9termin\u00e9s \u00e0 vous aider \u00e0 d\u00e9marrer cette nouvelle vie.[\/vc_column_text]<div class=\"clearboth\"><\/div><style>#thegem-divider-69de66503ed7a {margin-top: 50px !important;}<\/style><div id=\"thegem-divider-69de66503ed7a\" class=\"gem-divider  \" style=\"\" ><\/div>[vc_column_text]<\/p>\n<blockquote>\n<div class=\"styled-subtitle\">Mon \u00e9quipe et moi nous attaquons \u00e0 chaque probl\u00e8me en adoptant une perspective unique et personnalis\u00e9e qui s&rsquo;articule autour de vos souhaits et de vos besoins et de ceux de votre famille.<\/div>\n<\/blockquote>\n<p>[\/vc_column_text]<div class=\"clearboth\"><\/div><style>#thegem-divider-69de66503edb9 {margin-top: 50px !important;}<\/style><div id=\"thegem-divider-69de66503edb9\" class=\"gem-divider  \" style=\"\" ><\/div>[vc_row_inner][vc_column_inner width=\u00a0\u00bb1\/2&Prime;][vc_column_text]<\/p>\n<div class=\"styled-subtitle\">Me Alice Popovici<\/div>\n<p>[\/vc_column_text]<div class=\"clearboth\"><\/div><style>#thegem-divider-69de66503ee23 {margin-top: -15px !important;}<\/style><div id=\"thegem-divider-69de66503ee23\" class=\"gem-divider  \" style=\"\" ><\/div>[vc_column_text]Avocate et fondatrice \u00e0 Popovici Droit Familial Inc.[\/vc_column_text][\/vc_column_inner][vc_column_inner width=\u00a0\u00bb1\/2&Prime;]<div class=\"clearboth\"><\/div><style>#thegem-divider-69de66503ee86 {margin-top: -10px !important;}<\/style><div id=\"thegem-divider-69de66503ee86\" class=\"gem-divider  \" style=\"\" ><\/div>[vc_single_image image=\u00a0\u00bb8264&Prime; img_size=\u00a0\u00bbfull\u00a0\u00bb][\/vc_column_inner][\/vc_row_inner]<div class=\"clearboth\"><\/div><style>#thegem-divider-69de66503eed1 {margin-top: 40px !important;}<\/style><div id=\"thegem-divider-69de66503eed1\" class=\"gem-divider  \" style=\"\" ><\/div>[\/vc_column][\/vc_row][vc_row full_width=\u00a0\u00bbstretch_row\u00a0\u00bb equal_height=\u00a0\u00bbyes\u00a0\u00bb content_placement=\u00a0\u00bbmiddle\u00a0\u00bb css_animation=\u00a0\u00bbnone\u00a0\u00bb css=\u00a0\u00bb.vc_custom_1661799586021{margin-top: 0px !important;margin-bottom: 0px !important;padding-top: 100px !important;padding-bottom: 100px !important;background-color: #f1f2f4 !important;}\u00a0\u00bb][vc_column][vc_column_text css_animation=\u00a0\u00bbnone\u00a0\u00bb]<\/p>\n<div class=\"title-h1\" style=\"text-align: center;\">NOTRE \u00c9QUIPE<\/div>\n<p>[\/vc_column_text]<div class=\"clearboth\"><\/div><style>#thegem-divider-69de66503ef0d {margin-top: 50px !important;}<\/style><div id=\"thegem-divider-69de66503ef0d\" class=\"gem-divider  \" style=\"\" ><\/div><div class=\"gem-team row inline-row gem-team-equal-height gem-team-style-2\" data-hover-colors=\"{&quot;background_color&quot;:&quot;#f1f2f4&quot;,&quot;border_color&quot;:&quot;#e1c2a1&quot;}\" >\n<div class=\"col-md-3 col-sm-6 col-xs-12 inline-column\"> <div id=\"post-8372\" class=\"team-person bordered-box post-8372 thegem_team_person type-thegem_team_person status-publish has-post-thumbnail\" style=\"background-color: #ffffff; \"> <div class=\"team-person-box clearfix\"> <div class=\"team-person-box-left\"><div class=\"team-person-image\"><img width=\"240\" height=\"240\" src=\"https:\/\/popovici.law\/wp-content\/uploads\/2019\/02\/ME-Alice-Popovici-1-thegem-person-240.jpg\" class=\"img-responsive wp-post-image\" alt=\"ME-Alice-Popovici\" srcset=\"https:\/\/popovici.law\/wp-content\/uploads\/2019\/02\/ME-Alice-Popovici-1-thegem-person.jpg 2x\" sizes=\"100vw\" \/><\/div><\/div> <div class=\"team-person-box-right\"> <div class=\"team-person-info\"> <div class=\"team-person-name title-h4\" style=\"color: #3c3950\"><span class=\"light\">Me Alice Popovici<\/span><\/div> <div class=\"team-person-position date-color\" style=\"color: #99a9b5\">Fondatrice et avocate<\/div> <div class=\"gem-styled-color-1\"><div class=\"team-person-phone title-h5\"><span class=\"light\"><a href=\"tel:(514)%20448-6666\" style=\"color: #dba66d\">(514) 448-6666<\/a><\/span><\/div><\/div> <div class=\"team-person-email\"><a style=\"color: #99a9b5\" href=\"mailto:alice@popovici.law\">alice@popovici.law<\/a><\/div> <\/div> <\/div> <\/div> <\/div>\n<\/div> <div class=\"col-md-3 col-sm-6 col-xs-12 inline-column\"> <div id=\"post-8857\" class=\"team-person bordered-box post-8857 thegem_team_person type-thegem_team_person status-publish has-post-thumbnail\" style=\"background-color: #ffffff; \"> <div class=\"team-person-box clearfix\"> <div class=\"team-person-box-left\"><div class=\"team-person-image\"><img width=\"240\" height=\"240\" src=\"https:\/\/popovici.law\/wp-content\/uploads\/2023\/12\/stephanie-racette-thegem-person-240.png\" class=\"img-responsive wp-post-image\" alt=\"stephanie-racette\" srcset=\"https:\/\/popovici.law\/wp-content\/uploads\/2023\/12\/stephanie-racette.png 2x\" sizes=\"100vw\" \/><\/div><\/div> <div class=\"team-person-box-right\"> <div class=\"team-person-info\"> <div class=\"team-person-name title-h4\" style=\"color: #3c3950\"><span class=\"light\">Me St\u00e9phanie Racette<\/span><\/div> <div class=\"team-person-position date-color\" style=\"color: #99a9b5\">Avocate<\/div> <div class=\"gem-styled-color-1\"><div class=\"team-person-phone title-h5\"><span class=\"light\"><a href=\"tel:(514)%20448-6666\" style=\"color: #dba66d\">(514) 448-6666<\/a><\/span><\/div><\/div> <div class=\"team-person-email\"><a style=\"color: #99a9b5\" href=\"mailto:stephanie@popovici.law\">stephanie@popovici.law<\/a><\/div> <\/div> <\/div> <\/div> <\/div>\n<\/div> <div class=\"col-md-3 col-sm-6 col-xs-12 inline-column\"> <div id=\"post-13842\" class=\"team-person bordered-box post-13842 thegem_team_person type-thegem_team_person status-publish has-post-thumbnail\" style=\"background-color: #ffffff; \"> <div class=\"team-person-box clearfix\"> <div class=\"team-person-box-left\"><div class=\"team-person-image\"><span><img width=\"240\" height=\"240\" src=\"https:\/\/popovici.law\/wp-content\/uploads\/2025\/12\/ME-Madison-thegem-person-240.jpg\" class=\"img-responsive wp-post-image\" alt=\"ME-Madison\" srcset=\"https:\/\/popovici.law\/wp-content\/uploads\/2025\/12\/ME-Madison.jpg 2x\" sizes=\"100vw\" \/><\/span><\/div><\/div> <div class=\"team-person-box-right\"> <div class=\"team-person-info\"> <div class=\"team-person-name title-h4\" style=\"color: #3c3950\"><span class=\"light\">Me Madison Swailes<\/span><\/div> <div class=\"team-person-position date-color\" style=\"color: #99a9b5\">Avocate<\/div> <div class=\"gem-styled-color-1\"><div class=\"team-person-phone title-h5\"><span class=\"light\"><a href=\"tel:(514)%20448-6666\" style=\"color: #dba66d\">(514) 448-6666<\/a><\/span><\/div><\/div> <div class=\"team-person-email\"><a style=\"color: #99a9b5\" href=\"mailto:madison@popovici.law\">madison@popovici.law<\/a><\/div> <\/div> <\/div> <a class=\"team-person-link\" href=\"https:\/\/www.popovici.law\" target=\"_self\" aria-label=\"Me Madison Swailes\"><\/a> <\/div> <\/div>\n<\/div> <div class=\"col-md-3 col-sm-6 col-xs-12 inline-column\"> <div id=\"post-8370\" class=\"team-person bordered-box post-8370 thegem_team_person type-thegem_team_person status-publish has-post-thumbnail\" style=\"background-color: #ffffff; \"> <div class=\"team-person-box clearfix\"> <div class=\"team-person-box-left\"><div class=\"team-person-image\"><img width=\"240\" height=\"240\" src=\"https:\/\/popovici.law\/wp-content\/uploads\/2023\/03\/jessica-2024-photo-thegem-person-240.png\" class=\"img-responsive wp-post-image\" alt=\"jessica-2024-photo\" srcset=\"https:\/\/popovici.law\/wp-content\/uploads\/2023\/03\/jessica-2024-photo.png 2x\" sizes=\"100vw\" \/><\/div><\/div> <div class=\"team-person-box-right\"> <div class=\"team-person-info\"> <div class=\"team-person-name title-h4\" style=\"color: #3c3950\"><span class=\"light\">Jessica Bertrand<\/span><\/div> <div class=\"team-person-position date-color\" style=\"color: #99a9b5\">Gestionnaire des services parajuridiques<\/div> <div class=\"gem-styled-color-1\"><div class=\"team-person-phone title-h5\"><span class=\"light\"><a href=\"tel:(514)%20448-6666\" style=\"color: #dba66d\">(514) 448-6666<\/a><\/span><\/div><\/div> <div class=\"team-person-email\"><a style=\"color: #99a9b5\" href=\"mailto:jessica@popovici.law\">jessica@popovici.law<\/a><\/div> <\/div> <\/div> <\/div> <\/div>\n<\/div>\n<\/div>[\/vc_column][\/vc_row]<\/p>\n<\/div>","protected":false},"excerpt":{"rendered":"<p>[vc_row el_disable_tablet=\u00a0\u00bb1&Prime; el_disable_mobile=\u00a0\u00bb1&Prime; css_animation=\u00a0\u00bbbottom-to-top\u00a0\u00bb][vc_column][vc_column_text css_animation=\u00a0\u00bbnone\u00a0\u00bb] \u00c9QUIPE [\/vc_column_text][vc_single_image image=\u00a0\u00bb8278&Prime; img_size=\u00a0\u00bb325&#215;65&Prime; alignment=\u00a0\u00bbcenter\u00a0\u00bb][\/vc_column][\/vc_row][vc_row el_disable_desktop=\u00a0\u00bb1&Prime; css_animation=\u00a0\u00bbbottom-to-top\u00a0\u00bb][vc_column][vc_column_text css_animation=\u00a0\u00bbnone\u00a0\u00bb] \u00c9QUIPE [\/vc_column_text][vc_single_image image=\u00a0\u00bb8278&Prime; img_size=\u00a0\u00bb325&#215;65&Prime; alignment=\u00a0\u00bbcenter\u00a0\u00bb][\/vc_column][\/vc_row][vc_row equal_height=\u00a0\u00bbyes\u00a0\u00bb content_placement=\u00a0\u00bbbottom\u00a0\u00bb&#8230;<\/p>\n","protected":false},"author":5,"featured_media":0,"parent":0,"menu_order":0,"comment_status":"closed","ping_status":"closed","template":"","meta":{"footnotes":""},"class_list":["post-8319","page","type-page","status-publish"],"_links":{"self":[{"href":"https:\/\/popovici.law\/fr\/wp-json\/wp\/v2\/pages\/8319","targetHints":{"allow":["GET"]}}],"collection":[{"href":"https:\/\/popovici.law\/fr\/wp-json\/wp\/v2\/pages"}],"about":[{"href":"https:\/\/popovici.law\/fr\/wp-json\/wp\/v2\/types\/page"}],"author":[{"embeddable":true,"href":"https:\/\/popovici.law\/fr\/wp-json\/wp\/v2\/users\/5"}],"replies":[{"embeddable":true,"href":"https:\/\/popovici.law\/fr\/wp-json\/wp\/v2\/comments?post=8319"}],"version-history":[{"count":20,"href":"https:\/\/popovici.law\/fr\/wp-json\/wp\/v2\/pages\/8319\/revisions"}],"predecessor-version":[{"id":13843,"href":"https:\/\/popovici.law\/fr\/wp-json\/wp\/v2\/pages\/8319\/revisions\/13843"}],"wp:attachment":[{"href":"https:\/\/popovici.law\/fr\/wp-json\/wp\/v2\/media?parent=8319"}],"curies":[{"name":"wp","href":"https:\/\/api.w.org\/{rel}","templated":true}]}}