{"id":8311,"date":"2022-10-18T17:09:00","date_gmt":"2022-10-18T21:09:00","guid":{"rendered":"https:\/\/alice.eloqui.ca\/amicable-divorces\/"},"modified":"2024-06-13T04:09:25","modified_gmt":"2024-06-13T08:09:25","slug":"divorce-a-lamiable","status":"publish","type":"page","link":"https:\/\/popovici.law\/fr\/divorce-a-lamiable\/","title":{"rendered":"DIVORCE \u00c0 L\u2019AMIABLE"},"content":{"rendered":"<div class=\"wpb-content-wrapper\"><p>[vc_row el_disable_tablet=\u00a0\u00bb1&Prime; el_disable_mobile=\u00a0\u00bb1&Prime; css_animation=\u00a0\u00bbbottom-to-top\u00a0\u00bb][vc_column]<div class=\"clearboth\"><\/div><style>#thegem-divider-69de65ffa089e {margin-top: 140px !important;}<\/style><div id=\"thegem-divider-69de65ffa089e\" class=\"gem-divider  \" style=\"\" ><\/div>[vc_column_text css=\u00a0\u00bb.vc_custom_1678456663397{margin-top: -8px !important;}\u00a0\u00bb]<\/p>\n<h1 class=\"styled-subtitle\" style=\"text-align: center;\"><strong><span style=\"font-size: 54pt;\">DIVORCE \u00c0 L\u2019AMIABLE<\/span><\/strong><\/h1>\n<p>[\/vc_column_text]<div class=\"clearboth\"><\/div><style>#thegem-divider-69de65ffa09ab {margin-top: 70px !important;}<\/style><div id=\"thegem-divider-69de65ffa09ab\" class=\"gem-divider  \" style=\"\" ><\/div>[vc_single_image image=\u00a0\u00bb8278&Prime; img_size=\u00a0\u00bb325&#215;65&Prime; alignment=\u00a0\u00bbcenter\u00a0\u00bb][\/vc_column][\/vc_row][vc_row el_disable_desktop=\u00a0\u00bb1&Prime; css_animation=\u00a0\u00bbbottom-to-top\u00a0\u00bb][vc_column]<div class=\"clearboth\"><\/div><style>#thegem-divider-69de65ffa0a0f {margin-top: 140px !important;}<\/style><div id=\"thegem-divider-69de65ffa0a0f\" class=\"gem-divider  \" style=\"\" ><\/div>[vc_column_text css=\u00a0\u00bb.vc_custom_1678456673275{margin-top: -8px !important;}\u00a0\u00bb]<\/p>\n<h1 class=\"styled-subtitle\" style=\"text-align: center;\"><strong><span style=\"font-size: 32pt;\">DIVORCE \u00c0 L\u2019AMIABLE<\/span><\/strong><\/h1>\n<p>[\/vc_column_text]<div class=\"clearboth\"><\/div><style>#thegem-divider-69de65ffa0a8d {margin-top: 70px !important;}<\/style><div id=\"thegem-divider-69de65ffa0a8d\" class=\"gem-divider  \" style=\"\" ><\/div>[vc_single_image image=\u00a0\u00bb8278&Prime; img_size=\u00a0\u00bb325&#215;65&Prime; alignment=\u00a0\u00bbcenter\u00a0\u00bb][\/vc_column][\/vc_row][vc_row equal_height=\u00a0\u00bbyes\u00a0\u00bb content_placement=\u00a0\u00bbmiddle\u00a0\u00bb][vc_column]<div class=\"clearboth\"><\/div><style>#thegem-divider-69de65ffa0adf {margin-top: 70px !important;}<\/style><div id=\"thegem-divider-69de65ffa0adf\" class=\"gem-divider  \" style=\"\" ><\/div>[\/vc_column][vc_column offset=\u00a0\u00bbvc_col-lg-6 vc_col-md-6&Prime; css=\u00a0\u00bb.vc_custom_1590571662912{margin-right: 15px !important;}\u00a0\u00bb][vc_column_text]<\/p>\n<div class=\"title-h2\"><span style=\"font-size: 24pt; font-family: didot-regular;\">Mon \u00e9quipe est l\u00e0 pour vous<\/span><\/div>\n<p>[\/vc_column_text][vc_column_text]Lorsque des couples d\u00e9cident mutuellement de mettre fin \u00e0 un mariage, un divorce \u00e0 l&rsquo;amiable sera l&rsquo;approche la plus facile pour toutes les parties. Bien que le divorce soit toujours \u00e9motionnel et stressant, nous sommes l\u00e0 pour prendre en charge ce stress et rendre les choses aussi faciles que possible en fonction de vos besoins sp\u00e9cifiques.<\/p>\n<p>nous ne repr\u00e9sentons toujours qu&rsquo;une seule partie dans un divorce, mais nous sommes l\u00e0 pour fournir l&rsquo;ensemble des documents dont les deux parties ont besoin pour ex\u00e9cuter un divorce \u00e0 l&rsquo;amiable aussi rapidement, facilement et \u00e9conomiquement que possible.[\/vc_column_text][\/vc_column][vc_column offset=\u00a0\u00bbvc_col-lg-6 vc_col-md-6 vc_hidden-sm vc_hidden-xs\u00a0\u00bb css=\u00a0\u00bb.vc_custom_1661969725705{margin-left: 15px !important;}\u00a0\u00bb][vc_single_image image=\u00a0\u00bb8300&Prime; img_size=\u00a0\u00bbfull\u00a0\u00bb][\/vc_column][vc_column]<div class=\"clearboth\"><\/div><style>#thegem-divider-69de65ffa0b26 {margin-top: 60px !important;}<\/style><div id=\"thegem-divider-69de65ffa0b26\" class=\"gem-divider  \" style=\"\" ><\/div>[\/vc_column][\/vc_row][vc_row equal_height=\u00a0\u00bbyes\u00a0\u00bb content_placement=\u00a0\u00bbmiddle\u00a0\u00bb][vc_column width=\u00a0\u00bb1\/2&Prime;][vc_single_image image=\u00a0\u00bb8459&Prime; img_size=\u00a0\u00bbfull\u00a0\u00bb alignment=\u00a0\u00bbcenter\u00a0\u00bb][\/vc_column][vc_column width=\u00a0\u00bb1\/2&Prime;][vc_column_text]<strong><span style=\"font-size: 14pt; color: #000000;\">Simple<\/span><br \/>\n<\/strong>Des formules claires o\u00f9 nous nous chargeons de toute la pr\u00e9paration et repr\u00e9sentons vos int\u00e9r\u00eats.<\/p>\n<p><strong><span style=\"font-size: 14pt; color: #000000;\">Rapide<\/span><br \/>\n<\/strong>Des \u00e9tapes rapides pour vous permettre de traverser cette \u00e9preuve le plus rapidement possible et sans douleur.<\/p>\n<p><span style=\"font-size: 14pt; color: #000000;\"><strong>Pas de frais cach\u00e9s<br \/>\n<\/strong><\/span>Des forfaits transparents pour que vous compreniez vos frais d\u00e8s le d\u00e9part.[\/vc_column_text][vc_single_image image=\u00a0\u00bb8264&Prime; img_size=\u00a0\u00bbfull\u00a0\u00bb][\/vc_column][\/vc_row][vc_row custom_css_code=\u00a0\u00bbJTA5LnByaWNpbmctdGFibGUucHJpY2luZy10YWJsZS1zdHlsZS02JTIwLnByaWNpbmctcHJpY2UlN0IlMEElMDklMDliYWNrZ3JvdW5kLWNvbG9yJTNBJTIwJTIzMzkzYjRhJTIwJTIxaW1wb3J0YW50JTBBJTA5JTdEJTBBJTA5LnByaWNpbmctdGFibGUucHJpY2luZy10YWJsZS1zdHlsZS02JTIwLnByaWNpbmctY29sdW1uJTdCJTBBJTA5JTA5YmFja2dyb3VuZC1jb2xvciUzQSUyMCUyM0YwRDVBQSUzQiUwQSUwOSU3RCUwQSUwOS5wcmljaW5nLXRhYmxlLnByaWNpbmctdGFibGUtc3R5bGUtNiUyMC5wcmljaW5nLXJvdyUzQW50aC1jaGlsZCUyOG9kZCUyOSU3QiUwQSUwOSUwOWJhY2tncm91bmQtY29sb3IlM0ElMjAlMjNGRkZGRkYlM0IlMEElMDklN0QlMEElMDkucHJpY2luZy10YWJsZS5wcmljaW5nLXRhYmxlLXN0eWxlLTYlMjAucHJpY2luZy1yb3clMkMlMEElMDkucHJpY2luZy10YWJsZS5wcmljaW5nLXRhYmxlLXN0eWxlLTYlMjAucHJpY2luZy1mb290ZXIlN0IlMEElMDklMDlib3JkZXItY29sb3IlM0ElMjAlMjMzOTNiNGElM0IlMEElMDklN0Q=\u00a0\u00bb][vc_column]<div id=\"fullwidth-block-69de65ffa0ba6\" class=\"fullwidth-block clearfix\"  style=\"background-color: #ffffff;padding-top: 10px;padding-bottom: 10px;\"><script type=\"text\/javascript\">if (typeof(gem_fix_fullwidth_position) == \"function\") { gem_fix_fullwidth_position(document.getElementById(\"fullwidth-block-69de65ffa0ba6\")); }<\/script><div class=\"fullwidth-block-inner\"><div class=\"container\">[vc_row_inner equal_height=\u00a0\u00bbyes\u00a0\u00bb css=\u00a0\u00bb.vc_custom_1666126131585{margin-bottom: 0px !important;}\u00a0\u00bb][vc_column_inner offset=\u00a0\u00bbvc_col-lg-offset-2 vc_col-lg-8&Prime; css=\u00a0\u00bb.vc_custom_1565856123948{padding-top: 0px !important;}\u00a0\u00bb][\/vc_column_inner][\/vc_row_inner]<div class=\"pricing-table row inline-row inline-row-center pricing-table-style-3 button-icon-default\" >\n\t<div class=\"pricing-column-wrapper col-md-4 col-sm-4 col-xs-6  inline-column\"><div class=\"pricing-column\">\n\t <div class=\"pricing-price-row  \"  style=\" background-color: #2a4e5d; color:#ffffff; \">\n\n\t\t<div class=\"pricing-price-title-wrapper\">\n\t\t<div   class=\"pricing-price-title\">\u00c9poux mari\u00e9s<\/div>\n\t\t<div  class=\"pricing-price-subtitle\">Divorce sans enfant<\/div>\n\t\t<\/div>\n\n\t\t<div class=\"pricing-price-wrapper\"><div class=\"pricing-price\" style=\" background-color: #2a4e5d; \"><div style=\" color:#ffffff; \" class=\"pricing-cost\">2 500 $<\/div><\/div><\/div><svg style='fill:#2a4e5d' class=\"wrap-style\"><use xlink:href=https:\/\/popovici.law\/wp-content\/themes\/thegem\/css\/post-arrow.svg#dec-post-arrow \/><\/use><\/svg><\/div><figure class=\"pricing-row\"><\/figure><div class=\"pricing-footer\"><style type=\"text\/css\">.thegem-button-69de65ffa12311507 .gem-button svg {fill: #ffffff;}.thegem-button-69de65ffa12311507 .gem-button:hover svg {fill: #ffffff;}<\/style><div class=\"gem-button-container gem-button-position-center thegem-button-69de65ffa12311507    \"  ><a title=\"Contact\" class=\"gem-button gem-button-size-medium gem-button-style-flat gem-button-text-weight-normal\" data-ll-effect=\"drop-right-without-wrap\" style=\"border-radius: 30px;background-color: #bd9e9d;color: #ffffff;\" onmouseleave=\"this.style.backgroundColor='#bd9e9d';this.style.color='#ffffff';\" onmouseenter=\"this.style.backgroundColor='#556d7b';this.style.color='#ffffff';\" href=\"https:\/\/popovici.law\/fr\/contact\/\" target=\"_self\">rendez-vous<\/a><\/div> <\/div><\/div><\/div>\n\t<div class=\"pricing-column-wrapper col-md-4 col-sm-4 col-xs-6  inline-column\"><div class=\"pricing-column\">\n\t <div class=\"pricing-price-row  \"  style=\" background-color: #2a4e5d; color:#ffffff; \">\n\n\t\t<div class=\"pricing-price-title-wrapper\">\n\t\t<div   class=\"pricing-price-title\">\u00c9poux mari\u00e9s<\/div>\n\t\t<div  class=\"pricing-price-subtitle\">Divorce avec accord pr\u00e9alable<\/div>\n\t\t<\/div>\n\n\t\t<div class=\"pricing-price-wrapper\"><div class=\"pricing-price\" style=\" background-color: #2a4e5d; \"><div style=\" color:#ffffff; \" class=\"pricing-cost\">3 000 $<\/div><\/div><\/div><svg style='fill:#2a4e5d' class=\"wrap-style\"><use xlink:href=https:\/\/popovici.law\/wp-content\/themes\/thegem\/css\/post-arrow.svg#dec-post-arrow \/><\/use><\/svg><\/div><figure class=\"pricing-row\"><\/figure><div class=\"pricing-footer\"><style type=\"text\/css\">.thegem-button-69de65ffa14889381 .gem-button svg {fill: #ffffff;}.thegem-button-69de65ffa14889381 .gem-button:hover svg {fill: #ffffff;}<\/style><div class=\"gem-button-container gem-button-position-center thegem-button-69de65ffa14889381    \"  ><a title=\"Contact\" class=\"gem-button gem-button-size-medium gem-button-style-flat gem-button-text-weight-normal\" data-ll-effect=\"drop-right-without-wrap\" style=\"border-radius: 30px;background-color: #bd9e9d;color: #ffffff;\" onmouseleave=\"this.style.backgroundColor='#bd9e9d';this.style.color='#ffffff';\" onmouseenter=\"this.style.backgroundColor='#556d7b';this.style.color='#ffffff';\" href=\"https:\/\/popovici.law\/fr\/contact\/\" target=\"_self\">Rendez-vous<\/a><\/div> <\/div><\/div><\/div>\n\t<div class=\"pricing-column-wrapper col-md-4 col-sm-4 col-xs-6  inline-column\"><div class=\"pricing-column\">\n\t <div class=\"pricing-price-row  \"  style=\" background-color: #2a4e5d; color:#ffffff; \">\n\n\t\t<div class=\"pricing-price-title-wrapper\">\n\t\t<div   class=\"pricing-price-title\">\u00c9poux mari\u00e9s<\/div>\n\t\t<div  class=\"pricing-price-subtitle\">Divorce avec enfant(s)<\/div>\n\t\t<\/div>\n\n\t\t<div class=\"pricing-price-wrapper\"><div class=\"pricing-price\" style=\" background-color: #2a4e5d; \"><div style=\" color:#ffffff; \" class=\"pricing-cost\">3 500 $<\/div><\/div><\/div><svg style='fill:#2a4e5d' class=\"wrap-style\"><use xlink:href=https:\/\/popovici.law\/wp-content\/themes\/thegem\/css\/post-arrow.svg#dec-post-arrow \/><\/use><\/svg><\/div><figure class=\"pricing-row\"><\/figure><div class=\"pricing-footer\"><style type=\"text\/css\">.thegem-button-69de65ffa16bb4887 .gem-button svg {fill: #ffffff;}.thegem-button-69de65ffa16bb4887 .gem-button:hover svg {fill: #ffffff;}<\/style><div class=\"gem-button-container gem-button-position-center thegem-button-69de65ffa16bb4887    \"  ><a title=\"Contact\" class=\"gem-button gem-button-size-medium gem-button-style-flat gem-button-text-weight-normal\" data-ll-effect=\"drop-right-without-wrap\" style=\"border-radius: 30px;background-color: #bd9e9d;color: #ffffff;\" onmouseleave=\"this.style.backgroundColor='#bd9e9d';this.style.color='#ffffff';\" onmouseenter=\"this.style.backgroundColor='#556d7b';this.style.color='#ffffff';\" href=\"https:\/\/popovici.law\/fr\/contact\/\" target=\"_self\">Rendez-vous<\/a><\/div> <\/div><\/div><\/div><\/div><div class=\"clearboth\"><\/div><style>#thegem-divider-69de65ffa1764 {margin-top: 24px !important;}<\/style><div id=\"thegem-divider-69de65ffa1764\" class=\"gem-divider  \" style=\"\" ><\/div><div class=\"pricing-table row inline-row inline-row-center pricing-table-style-3 button-icon-default\" >\n\t<div class=\"pricing-column-wrapper col-md-4 col-sm-4 col-xs-6  inline-column\"><div class=\"pricing-column\">\n\t <div class=\"pricing-price-row  \"  style=\" background-color: #2a4e5d; color:#ffffff; \">\n\n\t\t<div class=\"pricing-price-title-wrapper\">\n\t\t<div   class=\"pricing-price-title\">Conjoints de fait<\/div>\n\t\t<div  class=\"pricing-price-subtitle\">Sans enfant<\/div>\n\t\t<\/div>\n\n\t\t<div class=\"pricing-price-wrapper\"><div class=\"pricing-price\" style=\" background-color: #2a4e5d; \"><div style=\" color:#ffffff; \" class=\"pricing-cost\">2 000 $<\/div><\/div><\/div><svg style='fill:#2a4e5d' class=\"wrap-style\"><use xlink:href=https:\/\/popovici.law\/wp-content\/themes\/thegem\/css\/post-arrow.svg#dec-post-arrow \/><\/use><\/svg><\/div><figure class=\"pricing-row\"><\/figure><div class=\"pricing-footer\"><style type=\"text\/css\">.thegem-button-69de65ffa19a7175 .gem-button svg {fill: #ffffff;}.thegem-button-69de65ffa19a7175 .gem-button:hover svg {fill: #ffffff;}<\/style><div class=\"gem-button-container gem-button-position-center thegem-button-69de65ffa19a7175    \"  ><a title=\"Contact\" class=\"gem-button gem-button-size-medium gem-button-style-flat gem-button-text-weight-normal\" data-ll-effect=\"drop-right-without-wrap\" style=\"border-radius: 30px;background-color: #bd9e9d;color: #ffffff;\" onmouseleave=\"this.style.backgroundColor='#bd9e9d';this.style.color='#ffffff';\" onmouseenter=\"this.style.backgroundColor='#556d7b';this.style.color='#ffffff';\" href=\"https:\/\/popovici.law\/fr\/contact\/\" target=\"_self\">Rendez-vous<\/a><\/div> <\/div><\/div><\/div>\n\t<div class=\"pricing-column-wrapper col-md-4 col-sm-4 col-xs-6  inline-column\"><div class=\"pricing-column\">\n\t <div class=\"pricing-price-row  \"  style=\" background-color: #2a4e5d; color:#ffffff; \">\n\n\t\t<div class=\"pricing-price-title-wrapper\">\n\t\t<div   class=\"pricing-price-title\">Conjoints de fait<\/div>\n\t\t<div  class=\"pricing-price-subtitle\">Avec enfant(s)<\/div>\n\t\t<\/div>\n\n\t\t<div class=\"pricing-price-wrapper\"><div class=\"pricing-price\" style=\" background-color: #2a4e5d; \"><div style=\" color:#ffffff; \" class=\"pricing-cost\">3 000 $<\/div><\/div><\/div><svg style='fill:#2a4e5d' class=\"wrap-style\"><use xlink:href=https:\/\/popovici.law\/wp-content\/themes\/thegem\/css\/post-arrow.svg#dec-post-arrow \/><\/use><\/svg><\/div><figure class=\"pricing-row\"><\/figure><div class=\"pricing-footer\"><style type=\"text\/css\">.thegem-button-69de65ffa1bea5223 .gem-button svg {fill: #ffffff;}.thegem-button-69de65ffa1bea5223 .gem-button:hover svg {fill: #ffffff;}<\/style><div class=\"gem-button-container gem-button-position-center thegem-button-69de65ffa1bea5223    \"  ><a title=\"Contact\" class=\"gem-button gem-button-size-medium gem-button-style-flat gem-button-text-weight-normal\" data-ll-effect=\"drop-right-without-wrap\" style=\"border-radius: 30px;background-color: #bd9e9d;color: #ffffff;\" onmouseleave=\"this.style.backgroundColor='#bd9e9d';this.style.color='#ffffff';\" onmouseenter=\"this.style.backgroundColor='#556d7b';this.style.color='#ffffff';\" href=\"https:\/\/popovici.law\/fr\/contact\/\" target=\"_self\">Rendez-vous<\/a><\/div> <\/div><\/div><\/div><\/div><\/div><\/div><\/div>[vc_row_inner][vc_column_inner][vc_empty_space][vc_column_text]<\/p>\n<div class=\"title-h2\"><span style=\"font-size: 24pt; font-family: didot-regular;\">AUTRES SERVICES DANS LE CADRE D&rsquo;UN DIVORCE \u00c0 L&rsquo;AMIABLE<\/span><\/div>\n<p>[\/vc_column_text][vc_empty_space height=\u00a0\u00bb24px\u00a0\u00bb][vc_column_text css=\u00a0\u00bb\u00a0\u00bb]Calcul des pensions alimentaires pour enfants avec remise du formulaire : 200 $ plus taxes.<br \/>\nPour toute question, veuillez nous contacter.<\/p>\n<p>*En cas de contestation d&rsquo;une affaire familiale, les forfaits ci-dessus ne s&rsquo;appliquent pas. S&rsquo;il y a contestation, cliquez <a href=\"https:\/\/popovici.law\/fr\/processus-divorce-separation\/\">ici<\/a> pour en savoir plus.[\/vc_column_text][vc_empty_space height=\u00a0\u00bb72px\u00a0\u00bb][\/vc_column_inner][\/vc_row_inner][\/vc_column][\/vc_row]<\/p>\n<\/div>","protected":false},"excerpt":{"rendered":"<p>[vc_row el_disable_tablet=\u00a0\u00bb1&Prime; el_disable_mobile=\u00a0\u00bb1&Prime; css_animation=\u00a0\u00bbbottom-to-top\u00a0\u00bb][vc_column][vc_column_text css=\u00a0\u00bb.vc_custom_1678456663397{margin-top: -8px !important;}\u00a0\u00bb] DIVORCE \u00c0 L\u2019AMIABLE [\/vc_column_text][vc_single_image image=\u00a0\u00bb8278&Prime; img_size=\u00a0\u00bb325&#215;65&Prime; alignment=\u00a0\u00bbcenter\u00a0\u00bb][\/vc_column][\/vc_row][vc_row el_disable_desktop=\u00a0\u00bb1&Prime; css_animation=\u00a0\u00bbbottom-to-top\u00a0\u00bb][vc_column][vc_column_text css=\u00a0\u00bb.vc_custom_1678456673275{margin-top: -8px !important;}\u00a0\u00bb] DIVORCE&#8230;<\/p>\n","protected":false},"author":5,"featured_media":0,"parent":0,"menu_order":0,"comment_status":"closed","ping_status":"closed","template":"","meta":{"footnotes":""},"class_list":["post-8311","page","type-page","status-publish"],"_links":{"self":[{"href":"https:\/\/popovici.law\/fr\/wp-json\/wp\/v2\/pages\/8311","targetHints":{"allow":["GET"]}}],"collection":[{"href":"https:\/\/popovici.law\/fr\/wp-json\/wp\/v2\/pages"}],"about":[{"href":"https:\/\/popovici.law\/fr\/wp-json\/wp\/v2\/types\/page"}],"author":[{"embeddable":true,"href":"https:\/\/popovici.law\/fr\/wp-json\/wp\/v2\/users\/5"}],"replies":[{"embeddable":true,"href":"https:\/\/popovici.law\/fr\/wp-json\/wp\/v2\/comments?post=8311"}],"version-history":[{"count":15,"href":"https:\/\/popovici.law\/fr\/wp-json\/wp\/v2\/pages\/8311\/revisions"}],"predecessor-version":[{"id":9775,"href":"https:\/\/popovici.law\/fr\/wp-json\/wp\/v2\/pages\/8311\/revisions\/9775"}],"wp:attachment":[{"href":"https:\/\/popovici.law\/fr\/wp-json\/wp\/v2\/media?parent=8311"}],"curies":[{"name":"wp","href":"https:\/\/api.w.org\/{rel}","templated":true}]}}