{"id":8307,"date":"2022-08-29T13:20:02","date_gmt":"2022-08-29T17:20:02","guid":{"rendered":"https:\/\/alice.eloqui.ca\/family-law\/"},"modified":"2024-01-27T02:42:47","modified_gmt":"2024-01-27T07:42:47","slug":"droit-de-la-famille","status":"publish","type":"page","link":"https:\/\/popovici.law\/fr\/droit-de-la-famille\/","title":{"rendered":"DROIT DE LA FAMILLE"},"content":{"rendered":"<div class=\"wpb-content-wrapper\"><p>[vc_row el_disable_tablet=\u00a0\u00bb1&Prime; el_disable_mobile=\u00a0\u00bb1&Prime; css_animation=\u00a0\u00bbbottom-to-top\u00a0\u00bb][vc_column]<div class=\"clearboth\"><\/div><style>#thegem-divider-69e369be7fea9 {margin-top: 140px !important;}<\/style><div id=\"thegem-divider-69e369be7fea9\" class=\"gem-divider  \" style=\"\" ><\/div>[vc_column_text css=\u00a0\u00bb.vc_custom_1678456138551{margin-top: -8px !important;}\u00a0\u00bb]<\/p>\n<h1 class=\"styled-subtitle\" style=\"text-align: center;\"><strong><span style=\"font-size: 54pt;\">DROIT DE LA FAMILLE<\/span><\/strong><\/h1>\n<p>[\/vc_column_text]<div class=\"clearboth\"><\/div><style>#thegem-divider-69e369be7ff89 {margin-top: 70px !important;}<\/style><div id=\"thegem-divider-69e369be7ff89\" class=\"gem-divider  \" style=\"\" ><\/div>[vc_single_image image=\u00a0\u00bb8278&Prime; img_size=\u00a0\u00bb325&#215;65&Prime; alignment=\u00a0\u00bbcenter\u00a0\u00bb][\/vc_column][\/vc_row][vc_row el_disable_desktop=\u00a0\u00bb1&Prime; css_animation=\u00a0\u00bbbottom-to-top\u00a0\u00bb][vc_column]<div class=\"clearboth\"><\/div><style>#thegem-divider-69e369be7ffc3 {margin-top: 140px !important;}<\/style><div id=\"thegem-divider-69e369be7ffc3\" class=\"gem-divider  \" style=\"\" ><\/div>[vc_column_text css=\u00a0\u00bb.vc_custom_1678456149015{margin-top: -8px !important;}\u00a0\u00bb]<\/p>\n<h1 class=\"styled-subtitle\" style=\"text-align: center;\"><strong><span style=\"font-size: 32pt;\">DROIT DE LA FAMILLE<\/span><\/strong><\/h1>\n<p>[\/vc_column_text]<div class=\"clearboth\"><\/div><style>#thegem-divider-69e369be7fff4 {margin-top: 70px !important;}<\/style><div id=\"thegem-divider-69e369be7fff4\" class=\"gem-divider  \" style=\"\" ><\/div>[vc_single_image image=\u00a0\u00bb8278&Prime; img_size=\u00a0\u00bb325&#215;65&Prime; alignment=\u00a0\u00bbcenter\u00a0\u00bb][\/vc_column][\/vc_row][vc_row equal_height=\u00a0\u00bbyes\u00a0\u00bb content_placement=\u00a0\u00bbmiddle\u00a0\u00bb][vc_column]<div class=\"clearboth\"><\/div><style>#thegem-divider-69e369be80023 {margin-top: 70px !important;}<\/style><div id=\"thegem-divider-69e369be80023\" class=\"gem-divider  \" style=\"\" ><\/div>[\/vc_column][vc_column offset=\u00a0\u00bbvc_col-lg-6 vc_col-md-6&Prime; css=\u00a0\u00bb.vc_custom_1590571662912{margin-right: 15px !important;}\u00a0\u00bb][vc_column_text css=\u00a0\u00bb.vc_custom_1678456165280{margin-top: -8px !important;}\u00a0\u00bb]<\/p>\n<div class=\"title-h2\"><span style=\"font-size: 24pt; font-family: didot-regular;\">Le patrimoine familial<\/span><\/div>\n<p>[\/vc_column_text][vc_column_text]Lorsque vous \u00eates l\u00e9galement mari\u00e9, vous \u00eates soumis aux lois relatives au patrimoine familial et aux r\u00e9gimes matrimoniaux, \u00e0 moins qu&rsquo;une exclusion sp\u00e9cifique n&rsquo;ait \u00e9t\u00e9 convenue entre les parties. Au Qu\u00e9bec, les r\u00e8gles applicables en vertu du patrimoine familial sont d&rsquo;ordre public, ce qui signifie qu&rsquo;elles s&rsquo;appliquent automatiquement \u00e0 vous et \u00e0 votre conjoint, quelles que soient les circonstances. (Il existe des exceptions pour les conjoints qui ont \u00e9t\u00e9 exclus avant 1991). En vertu de ces r\u00e8gles, les \u00e9poux se partageront \u00e9quitablement les biens suivants qui ont \u00e9t\u00e9 accumul\u00e9s pendant le mariage :<\/p>\n<ol>\n<li><span style=\"color: #bd9e9d;\">La ou les r\u00e9sidences familiales (y compris la ou les r\u00e9sidences secondaires);<\/span><\/li>\n<li><span style=\"color: #bd9e9d;\">Les meubles qui garnissent la (les) r\u00e9sidence(s) familiale(s);<\/span><\/li>\n<li><span style=\"color: #bd9e9d;\">Les v\u00e9hicules de la famille ;<\/span><\/li>\n<li><span style=\"color: #bd9e9d;\">Les fonds de retraite accumul\u00e9s pendant le mariage.<\/span><\/li>\n<\/ol>\n<p>Il y a bien s\u00fbr des exceptions que nous pouvons vous expliquer et vous guider. Tous les biens restants sont alors r\u00e9gis par le r\u00e9gime matrimonial des \u00e9poux, que nous expliquons ci-apr\u00e8s.[\/vc_column_text]<style type=\"text\/css\">.thegem-button-69e369be80160681 .gem-button svg {fill: #bd9e9d;}.thegem-button-69e369be80160681 .gem-button:hover svg {fill: #ffffff;}<\/style><div class=\"gem-button-container gem-button-position-center thegem-button-69e369be80160681    \"  ><a title=\"Contact\" class=\"gem-button gem-button-size-small gem-button-style-outline gem-button-text-weight-normal gem-button-border-2\" data-ll-effect=\"drop-right-without-wrap\" style=\"border-radius: 5px;border-color: #bd9e9d;color: #bd9e9d;\" onmouseleave=\"this.style.borderColor='#bd9e9d';this.style.backgroundColor='transparent';this.style.color='#bd9e9d';\" onmouseenter=\"this.style.borderColor='#bd9e9d';this.style.backgroundColor='#bd9e9d';this.style.color='#ffffff';\" href=\"https:\/\/popovici.law\/fr\/contact\/\" target=\"_self\">CONTACTEZ-NOUS, NOUS POUVONS VOUS AIDER<\/a><\/div> [\/vc_column][vc_column offset=\u00a0\u00bbvc_col-lg-6 vc_col-md-6 vc_hidden-md vc_hidden-sm vc_hidden-xs\u00a0\u00bb css=\u00a0\u00bb.vc_custom_1665517190471{margin-left: 15px !important;}\u00a0\u00bb]<div class=\"gem-image gem-wrapbox gem-wrapbox-style-default gem-wrapbox-position-below  thegem-custom-69e369be801dd6859\"  style=\"\" ><div class=\"gem-wrapbox-inner \" ><img class=\"gem-wrapbox-element img-responsive\" src=\"https:\/\/popovici.law\/wp-content\/uploads\/2022\/09\/Family-Patrimony.jpg\" alt=\"\"\/><\/div><style type=\"text\/css\">.thegem-custom-69e369be801dd6859.gem-image a:hover img {filter: brightness( 100% ) contrast( 100% ) saturate( 100% ) blur( 0px ) hue-rotate( 0deg );}<\/style><\/div>[\/vc_column][\/vc_row][vc_row equal_height=\u00a0\u00bbyes\u00a0\u00bb content_placement=\u00a0\u00bbmiddle\u00a0\u00bb][vc_column]<div class=\"clearboth\"><\/div><style>#thegem-divider-69e369be8060f {margin-top: 140px !important;}<\/style><div id=\"thegem-divider-69e369be8060f\" class=\"gem-divider  \" style=\"\" ><\/div>[\/vc_column][vc_column offset=\u00a0\u00bbvc_col-lg-6 vc_col-md-6 vc_hidden-md vc_hidden-sm vc_hidden-xs\u00a0\u00bb css=\u00a0\u00bb.vc_custom_1665517200245{margin-left: 15px !important;}\u00a0\u00bb]<div class=\"gem-image gem-wrapbox gem-wrapbox-style-default gem-wrapbox-position-below  thegem-custom-69e369be806763650\"  style=\"\" ><div class=\"gem-wrapbox-inner \" ><img class=\"gem-wrapbox-element img-responsive\" src=\"https:\/\/popovici.law\/wp-content\/uploads\/2022\/09\/Matrimonial-regimes.jpg\" alt=\"\"\/><\/div><style type=\"text\/css\">.thegem-custom-69e369be806763650.gem-image a:hover img {filter: brightness( 100% ) contrast( 100% ) saturate( 100% ) blur( 0px ) hue-rotate( 0deg );}<\/style><\/div>[\/vc_column][vc_column offset=\u00a0\u00bbvc_col-lg-6 vc_col-md-6&Prime; css=\u00a0\u00bb.vc_custom_1590571662912{margin-right: 15px !important;}\u00a0\u00bb][vc_column_text css=\u00a0\u00bb.vc_custom_1678456275567{margin-top: -8px !important;}\u00a0\u00bb]<\/p>\n<div class=\"title-h2\"><span style=\"font-size: 24pt; font-family: didot-regular;\">R\u00e9gimes matrimoniaux<\/span><\/div>\n<p>[\/vc_column_text][vc_column_text]Les informations suivantes vous aideront \u00e0 comprendre votre r\u00e9gime matrimonial et les lois qui s&rsquo;y rapportent, mais nous sommes \u00e0 votre disposition par t\u00e9l\u00e9phone pour vous aider \u00e0 comprendre et \u00e0 interpr\u00e9ter la mani\u00e8re dont cela s&rsquo;applique \u00e0 votre situation personnelle. Le r\u00e9gime matrimonial se compose de deux options :<\/p>\n<ol>\n<li><span style=\"color: #bd9e9d;\">La soci\u00e9t\u00e9 d&rsquo;acqu\u00eats &#8211; le r\u00e9gime l\u00e9gal qui s&rsquo;applique automatiquement une fois mari\u00e9 dans la province de Qu\u00e9bec;<\/span><\/li>\n<li><span style=\"color: #bd9e9d;\">La s\u00e9paration de biens &#8211; l&rsquo;exception \u00e0 la r\u00e8gle. Vous et votre conjoint devez avoir pr\u00e9alablement sign\u00e9 une entente \u00e0 cet \u00e9gard.<\/span><\/li>\n<\/ol>\n<p>[\/vc_column_text]<style type=\"text\/css\">.thegem-button-69e369be80a796217 .gem-button svg {fill: #bd9e9d;}.thegem-button-69e369be80a796217 .gem-button:hover svg {fill: #ffffff;}<\/style><div class=\"gem-button-container gem-button-position-center thegem-button-69e369be80a796217    \"  ><a title=\"Contact\" class=\"gem-button gem-button-size-small gem-button-style-outline gem-button-text-weight-normal gem-button-border-2\" data-ll-effect=\"drop-right-without-wrap\" style=\"border-radius: 5px;border-color: #bd9e9d;color: #bd9e9d;\" onmouseleave=\"this.style.borderColor='#bd9e9d';this.style.backgroundColor='transparent';this.style.color='#bd9e9d';\" onmouseenter=\"this.style.borderColor='#bd9e9d';this.style.backgroundColor='#bd9e9d';this.style.color='#ffffff';\" href=\"https:\/\/popovici.law\/fr\/contact\/\" target=\"_self\">CONTACTEZ-NOUS, NOUS POUVONS VOUS AIDER<\/a><\/div> [\/vc_column][\/vc_row][vc_row equal_height=\u00a0\u00bbyes\u00a0\u00bb content_placement=\u00a0\u00bbmiddle\u00a0\u00bb][vc_column]<div class=\"clearboth\"><\/div><style>#thegem-divider-69e369be80b3a {margin-top: 140px !important;}<\/style><div id=\"thegem-divider-69e369be80b3a\" class=\"gem-divider  \" style=\"\" ><\/div>[\/vc_column][vc_column offset=\u00a0\u00bbvc_col-lg-6 vc_col-md-6&Prime; css=\u00a0\u00bb.vc_custom_1590571662912{margin-right: 15px !important;}\u00a0\u00bb][vc_column_text css=\u00a0\u00bb.vc_custom_1678456360228{margin-top: -8px !important;}\u00a0\u00bb]<\/p>\n<div class=\"title-h2\"><span style=\"font-size: 24pt; font-family: didot-regular;\">La soci\u00e9t\u00e9 d&rsquo;acqu\u00eats<\/span><\/div>\n<p>[\/vc_column_text][vc_column_text]Les \u00e9poux peuvent se mettre d&rsquo;accord pour choisir leur r\u00e9gime matrimonial ou m\u00eame en cr\u00e9er un si les r\u00e8gles du r\u00e9gime ne sont pas contraires \u00e0 la loi applicable. Les \u00e9poux qui n&rsquo;ont pas choisi de r\u00e9gime lors de leur mariage se voient automatiquement attribuer le r\u00e9gime matrimonial de la soci\u00e9t\u00e9 d&rsquo;acqu\u00eats.<\/p>\n<p>La soci\u00e9t\u00e9 d&rsquo;acqu\u00eats s&rsquo;applique \u00e0 tous les mariages c\u00e9l\u00e9br\u00e9s au Qu\u00e9bec depuis le 1er juillet 1970, lorsque les \u00e9poux n&rsquo;ont pas choisi un r\u00e9gime ou sign\u00e9 un contrat de mariage notari\u00e9 au moment de se marier.<\/p>\n<p>Ce r\u00e9gime est compos\u00e9 de deux cat\u00e9gories de biens distincts :<\/p>\n<ol>\n<li><span style=\"color: #bd9e9d;\">Les biens priv\u00e9s ;<\/span><\/li>\n<li><span style=\"color: #bd9e9d;\">Les acqu\u00eats.<\/span><\/li>\n<\/ol>\n<p>En r\u00e8gle g\u00e9n\u00e9rale, la valeur des biens accumul\u00e9s pendant le mariage est r\u00e9partie et divis\u00e9e une fois le mariage termin\u00e9. Toutefois, les biens priv\u00e9s des \u00e9poux ne sont pas concern\u00e9s. Les biens priv\u00e9s sont ceux qui appartiennent uniquement \u00e0 l&rsquo;un des conjoints et qui ne sont pas divisibles :<\/p>\n<ul>\n<li><span style=\"color: #bd9e9d;\">Les biens re\u00e7us avant le mariage ;<\/span><\/li>\n<li><span style=\"color: #bd9e9d;\">Les prix ;<\/span><\/li>\n<li><span style=\"color: #bd9e9d;\">Les dipl\u00f4mes ;<\/span><\/li>\n<li><span style=\"color: #bd9e9d;\">Les instruments de travail ;<\/span><\/li>\n<li><span style=\"color: #bd9e9d;\">L&rsquo;argent re\u00e7u comme compensation\/avantages ;<\/span><\/li>\n<li><span style=\"color: #bd9e9d;\">Les biens re\u00e7us en cadeau.<\/span><\/li>\n<\/ul>\n<p>Un acqu\u00eat est un bien que les conjoints ont accumul\u00e9 pendant le mariage, notamment :<\/p>\n<ul>\n<li><span style=\"color: #bd9e9d;\">Les salaires ;<\/span><\/li>\n<li><span style=\"color: #bd9e9d;\">Les investissements.<\/span><\/li>\n<\/ul>\n<p>Plusieurs autres facteurs sont pris en consid\u00e9ration, tels que les dettes des conjoints. Nous pouvons vous aider \u00e0 comprendre ces aspects afin de choisir la meilleure approche \u00e0 adopter lors de votre processus de divorce.[\/vc_column_text]<style type=\"text\/css\">.thegem-button-69e369be80c335543 .gem-button svg {fill: #bd9e9d;}.thegem-button-69e369be80c335543 .gem-button:hover svg {fill: #ffffff;}<\/style><div class=\"gem-button-container gem-button-position-center thegem-button-69e369be80c335543    \"  ><a title=\"Contact\" class=\"gem-button gem-button-size-small gem-button-style-outline gem-button-text-weight-normal gem-button-border-2\" data-ll-effect=\"drop-right-without-wrap\" style=\"border-radius: 5px;border-color: #bd9e9d;color: #bd9e9d;\" onmouseleave=\"this.style.borderColor='#bd9e9d';this.style.backgroundColor='transparent';this.style.color='#bd9e9d';\" onmouseenter=\"this.style.borderColor='#bd9e9d';this.style.backgroundColor='#bd9e9d';this.style.color='#ffffff';\" href=\"https:\/\/popovici.law\/fr\/contact\/\" target=\"_self\">CONTACTEZ-NOUS, NOUS POUVONS VOUS AIDER<\/a><\/div> [\/vc_column][vc_column offset=\u00a0\u00bbvc_col-lg-6 vc_col-md-6 vc_hidden-md vc_hidden-sm vc_hidden-xs\u00a0\u00bb css=\u00a0\u00bb.vc_custom_1665517208404{margin-left: 15px !important;}\u00a0\u00bb]<div class=\"gem-image gem-wrapbox gem-wrapbox-style-default gem-wrapbox-position-below  thegem-custom-69e369be80cc46589\"  style=\"\" ><div class=\"gem-wrapbox-inner \" ><img class=\"gem-wrapbox-element img-responsive\" src=\"https:\/\/popovici.law\/wp-content\/uploads\/2022\/09\/Partnership-of-acquests.jpg\" alt=\"\"\/><\/div><style type=\"text\/css\">.thegem-custom-69e369be80cc46589.gem-image a:hover img {filter: brightness( 100% ) contrast( 100% ) saturate( 100% ) blur( 0px ) hue-rotate( 0deg );}<\/style><\/div>[\/vc_column][\/vc_row][vc_row equal_height=\u00a0\u00bbyes\u00a0\u00bb content_placement=\u00a0\u00bbmiddle\u00a0\u00bb][vc_column]<div class=\"clearboth\"><\/div><style>#thegem-divider-69e369be8105a {margin-top: 140px !important;}<\/style><div id=\"thegem-divider-69e369be8105a\" class=\"gem-divider  \" style=\"\" ><\/div>[\/vc_column][vc_column offset=\u00a0\u00bbvc_col-lg-6 vc_col-md-6 vc_hidden-md vc_hidden-sm vc_hidden-xs\u00a0\u00bb css=\u00a0\u00bb.vc_custom_1665517217805{margin-left: 15px !important;}\u00a0\u00bb]<div class=\"gem-image gem-wrapbox gem-wrapbox-style-default gem-wrapbox-position-below  thegem-custom-69e369be810ac7385\"  style=\"\" ><div class=\"gem-wrapbox-inner \" ><img class=\"gem-wrapbox-element img-responsive\" src=\"https:\/\/popovici.law\/wp-content\/uploads\/2022\/10\/separation-des-biens.jpg\" alt=\"\"\/><\/div><style type=\"text\/css\">.thegem-custom-69e369be810ac7385.gem-image a:hover img {filter: brightness( 100% ) contrast( 100% ) saturate( 100% ) blur( 0px ) hue-rotate( 0deg );}<\/style><\/div>[\/vc_column][vc_column offset=\u00a0\u00bbvc_col-lg-6 vc_col-md-6&Prime; css=\u00a0\u00bb.vc_custom_1590571662912{margin-right: 15px !important;}\u00a0\u00bb][vc_column_text css=\u00a0\u00bb.vc_custom_1678456487314{margin-top: -8px !important;}\u00a0\u00bb]<\/p>\n<div class=\"title-h2\"><span style=\"font-size: 24pt; font-family: didot-regular;\">La s\u00e9paration de biens<\/span><\/div>\n<p>[\/vc_column_text][vc_column_text]Dans ce r\u00e9gime matrimonial, chaque \u00e9poux est responsable de ses propres dettes et est ind\u00e9pendant pour g\u00e9rer ses propres biens sans le consentement de son conjoint, \u00e0 condition qu&rsquo;ils ne fassent pas partie du patrimoine familial, le tout selon les termes inclus dans leur contrat de mariage.<\/p>\n<p>Comme pour toutes les informations contenues dans cette section, si vous \u00eates confus ou si vous ne savez pas comment elles s&rsquo;appliquent \u00e0 vous, il vous suffit de nous appeler. Nous pouvons r\u00e9pondre \u00e0 toutes vos questions en fonction de votre situation sp\u00e9cifique.[\/vc_column_text]<style type=\"text\/css\">.thegem-button-69e369be814b79615 .gem-button svg {fill: #bd9e9d;}.thegem-button-69e369be814b79615 .gem-button:hover svg {fill: #ffffff;}<\/style><div class=\"gem-button-container gem-button-position-center thegem-button-69e369be814b79615    \"  ><a title=\"Contact\" class=\"gem-button gem-button-size-small gem-button-style-outline gem-button-text-weight-normal gem-button-border-2\" data-ll-effect=\"drop-right-without-wrap\" style=\"border-radius: 5px;border-color: #bd9e9d;color: #bd9e9d;\" onmouseleave=\"this.style.borderColor='#bd9e9d';this.style.backgroundColor='transparent';this.style.color='#bd9e9d';\" onmouseenter=\"this.style.borderColor='#bd9e9d';this.style.backgroundColor='#bd9e9d';this.style.color='#ffffff';\" href=\"https:\/\/popovici.law\/fr\/contact\/\" target=\"_self\">CONTACTEZ-NOUS, NOUS POUVONS VOUS AIDER<\/a><\/div> [\/vc_column][\/vc_row][vc_row equal_height=\u00a0\u00bbyes\u00a0\u00bb content_placement=\u00a0\u00bbmiddle\u00a0\u00bb][vc_column]<div class=\"clearboth\"><\/div><style>#thegem-divider-69e369be81531 {margin-top: 140px !important;}<\/style><div id=\"thegem-divider-69e369be81531\" class=\"gem-divider  \" style=\"\" ><\/div>[\/vc_column][vc_column offset=\u00a0\u00bbvc_col-lg-6 vc_col-md-6&Prime; css=\u00a0\u00bb.vc_custom_1590571662912{margin-right: 15px !important;}\u00a0\u00bb][vc_column_text css=\u00a0\u00bb.vc_custom_1678456542848{margin-top: -8px !important;}\u00a0\u00bb]<\/p>\n<div class=\"title-h2\"><span style=\"font-size: 24pt; font-family: didot-regular;\">D\u00e9m\u00e9nagement<\/span><\/div>\n<p>[\/vc_column_text][vc_column_text]Lorsqu&rsquo;un accord de garde a \u00e9t\u00e9 conclu, le parent qui souhaite ou doit d\u00e9m\u00e9nager doit comprendre l&rsquo;impact potentiel sur l&rsquo;accord de garde existant afin de d\u00e9terminer si un tel d\u00e9m\u00e9nagement est dans l&rsquo;int\u00e9r\u00eat sup\u00e9rieur de l&rsquo;enfant. Dans les situations o\u00f9 les parents ne sont pas d&rsquo;accord, ces questions devront \u00eatre trait\u00e9es par le tribunal ou n\u00e9goci\u00e9es. Les r\u00e8gles applicables au d\u00e9m\u00e9nagement lorsque les conjoints sont mari\u00e9s ont \u00e9t\u00e9 r\u00e9cemment modifi\u00e9es. Il est pr\u00e9f\u00e9rable de nous contacter afin de vous assurer que vous agissez dans le respect de la loi. Nous avons les connaissances et l&rsquo;exp\u00e9rience n\u00e9cessaires pour vous guider dans ces n\u00e9gociations.[\/vc_column_text]<style type=\"text\/css\">.thegem-button-69e369be815ee5294 .gem-button svg {fill: #bd9e9d;}.thegem-button-69e369be815ee5294 .gem-button:hover svg {fill: #ffffff;}<\/style><div class=\"gem-button-container gem-button-position-center thegem-button-69e369be815ee5294    \"  ><a title=\"Contact\" class=\"gem-button gem-button-size-small gem-button-style-outline gem-button-text-weight-normal gem-button-border-2\" data-ll-effect=\"drop-right-without-wrap\" style=\"border-radius: 5px;border-color: #bd9e9d;color: #bd9e9d;\" onmouseleave=\"this.style.borderColor='#bd9e9d';this.style.backgroundColor='transparent';this.style.color='#bd9e9d';\" onmouseenter=\"this.style.borderColor='#bd9e9d';this.style.backgroundColor='#bd9e9d';this.style.color='#ffffff';\" href=\"https:\/\/popovici.law\/fr\/contact\/\" target=\"_self\">CONTACTEZ-NOUS, NOUS POUVONS VOUS AIDER<\/a><\/div> [\/vc_column][vc_column offset=\u00a0\u00bbvc_col-lg-6 vc_col-md-6 vc_hidden-sm vc_hidden-xs\u00a0\u00bb css=\u00a0\u00bb.vc_custom_1665517230322{margin-left: 15px !important;}\u00a0\u00bb]<div class=\"gem-image gem-wrapbox gem-wrapbox-style-default gem-wrapbox-position-below  thegem-custom-69e369be8166d230\"  style=\"\" ><div class=\"gem-wrapbox-inner \" ><img class=\"gem-wrapbox-element img-responsive\" src=\"https:\/\/popovici.law\/wp-content\/uploads\/2022\/09\/relocation.jpg\" alt=\"\"\/><\/div><style type=\"text\/css\">.thegem-custom-69e369be8166d230.gem-image a:hover img {filter: brightness( 100% ) contrast( 100% ) saturate( 100% ) blur( 0px ) hue-rotate( 0deg );}<\/style><\/div>[\/vc_column][vc_column]<div class=\"clearboth\"><\/div><style>#thegem-divider-69e369be81c24 {margin-top: 60px !important;}<\/style><div id=\"thegem-divider-69e369be81c24\" class=\"gem-divider  \" style=\"\" ><\/div>[\/vc_column][\/vc_row]<\/p>\n<\/div>","protected":false},"excerpt":{"rendered":"<p>[vc_row el_disable_tablet=\u00a0\u00bb1&Prime; el_disable_mobile=\u00a0\u00bb1&Prime; css_animation=\u00a0\u00bbbottom-to-top\u00a0\u00bb][vc_column][vc_column_text css=\u00a0\u00bb.vc_custom_1678456138551{margin-top: -8px !important;}\u00a0\u00bb] DROIT DE LA FAMILLE [\/vc_column_text][vc_single_image image=\u00a0\u00bb8278&Prime; img_size=\u00a0\u00bb325&#215;65&Prime; alignment=\u00a0\u00bbcenter\u00a0\u00bb][\/vc_column][\/vc_row][vc_row el_disable_desktop=\u00a0\u00bb1&Prime; css_animation=\u00a0\u00bbbottom-to-top\u00a0\u00bb][vc_column][vc_column_text css=\u00a0\u00bb.vc_custom_1678456149015{margin-top: -8px !important;}\u00a0\u00bb]&#8230;<\/p>\n","protected":false},"author":5,"featured_media":0,"parent":0,"menu_order":0,"comment_status":"closed","ping_status":"closed","template":"","meta":{"footnotes":""},"class_list":["post-8307","page","type-page","status-publish"],"_links":{"self":[{"href":"https:\/\/popovici.law\/fr\/wp-json\/wp\/v2\/pages\/8307","targetHints":{"allow":["GET"]}}],"collection":[{"href":"https:\/\/popovici.law\/fr\/wp-json\/wp\/v2\/pages"}],"about":[{"href":"https:\/\/popovici.law\/fr\/wp-json\/wp\/v2\/types\/page"}],"author":[{"embeddable":true,"href":"https:\/\/popovici.law\/fr\/wp-json\/wp\/v2\/users\/5"}],"replies":[{"embeddable":true,"href":"https:\/\/popovici.law\/fr\/wp-json\/wp\/v2\/comments?post=8307"}],"version-history":[{"count":10,"href":"https:\/\/popovici.law\/fr\/wp-json\/wp\/v2\/pages\/8307\/revisions"}],"predecessor-version":[{"id":9063,"href":"https:\/\/popovici.law\/fr\/wp-json\/wp\/v2\/pages\/8307\/revisions\/9063"}],"wp:attachment":[{"href":"https:\/\/popovici.law\/fr\/wp-json\/wp\/v2\/media?parent=8307"}],"curies":[{"name":"wp","href":"https:\/\/api.w.org\/{rel}","templated":true}]}}